{"id":8312,"date":"2025-06-25T16:21:17","date_gmt":"2025-06-25T14:21:17","guid":{"rendered":"https:\/\/immoserenity.com\/?page_id=8312"},"modified":"2025-06-25T16:21:50","modified_gmt":"2025-06-25T14:21:50","slug":"philosophie","status":"publish","type":"page","link":"https:\/\/immoserenity.com\/?page_id=8312","title":{"rendered":"Philosophie"},"content":{"rendered":"\n<h2 class=\"wp-block-heading\"><strong>\u00c0 propos de moi<\/strong><\/h2>\n\n\n\n<p>Bienvenue chez <strong>ImmoSerenity<\/strong> !<\/p>\n\n\n\n<p>Je suis une jeune femme passionn\u00e9e par l\u2019immobilier, une passion qui m\u2019anime depuis de nombreuses ann\u00e9es et qui m\u2019a \u00e9t\u00e9 transmise par mon p\u00e8re. Ce secteur est devenu bien plus qu\u2019un simple domaine d\u2019activit\u00e9 : c\u2019est aujourd\u2019hui une v\u00e9ritable mission de vie.<\/p>\n\n\n\n<p>J\u2019ai cr\u00e9\u00e9 <strong>ImmoSerenity<\/strong> avec l\u2019envie d\u2019accompagner, de conseiller et de faciliter la recherche de biens en <strong>Espagne<\/strong>, que ce soit pour <strong>l\u2019achat<\/strong> ou <strong>la location<\/strong>. Mon objectif est de proposer une approche personnalis\u00e9e, ax\u00e9e sur l\u2019\u00e9coute et la s\u00e9r\u00e9nit\u00e9, afin que chaque client puisse concr\u00e9tiser son projet en toute confiance.<\/p>\n\n\n\n<p>Je suis pr\u00e9sente \u00e0 chaque \u00e9tape : de la s\u00e9lection du bien id\u00e9al aux d\u00e9marches administratives sur place. Mon accompagnement ne s\u2019arr\u00eate pas \u00e0 la simple transaction, je suis l\u00e0 pour vous guider et vous soutenir tout au long de votre aventure immobili\u00e8re.<\/p>\n\n\n\n<p>Avec <strong>ImmoSerenity<\/strong>, je souhaite offrir \u00e0 mes clients bien plus qu\u2019un service : une exp\u00e9rience humaine, professionnelle et rassurante.<\/p>\n","protected":false},"excerpt":{"rendered":"<p>\u00c0 propos de moi Bienvenue chez ImmoSerenity ! Je suis une jeune femme passionn\u00e9e par l\u2019immobilier, une passion qui m\u2019anime depuis de nombreuses ann\u00e9es et qui m\u2019a \u00e9t\u00e9 transmise par mon p\u00e8re. Ce secteur est devenu bien plus qu\u2019un simple domaine d\u2019activit\u00e9 : c\u2019est aujourd\u2019hui une v\u00e9ritable mission de vie. J\u2019ai cr\u00e9\u00e9 ImmoSerenity avec l\u2019envie&#8230;<\/p>\n","protected":false},"author":2,"featured_media":0,"parent":0,"menu_order":0,"comment_status":"closed","ping_status":"closed","template":"","meta":{"footnotes":""},"class_list":["post-8312","page","type-page","status-publish","hentry"],"_links":{"self":[{"href":"https:\/\/immoserenity.com\/index.php?rest_route=\/wp\/v2\/pages\/8312","targetHints":{"allow":["GET"]}}],"collection":[{"href":"https:\/\/immoserenity.com\/index.php?rest_route=\/wp\/v2\/pages"}],"about":[{"href":"https:\/\/immoserenity.com\/index.php?rest_route=\/wp\/v2\/types\/page"}],"author":[{"embeddable":true,"href":"https:\/\/immoserenity.com\/index.php?rest_route=\/wp\/v2\/users\/2"}],"replies":[{"embeddable":true,"href":"https:\/\/immoserenity.com\/index.php?rest_route=%2Fwp%2Fv2%2Fcomments&post=8312"}],"version-history":[{"count":1,"href":"https:\/\/immoserenity.com\/index.php?rest_route=\/wp\/v2\/pages\/8312\/revisions"}],"predecessor-version":[{"id":8313,"href":"https:\/\/immoserenity.com\/index.php?rest_route=\/wp\/v2\/pages\/8312\/revisions\/8313"}],"wp:attachment":[{"href":"https:\/\/immoserenity.com\/index.php?rest_route=%2Fwp%2Fv2%2Fmedia&parent=8312"}],"curies":[{"name":"wp","href":"https:\/\/api.w.org\/{rel}","templated":true}]}}