{"id":7350,"date":"2022-01-14T12:01:34","date_gmt":"2022-01-14T12:01:34","guid":{"rendered":"https:\/\/rao.inspirylabs.com\/demo03\/?page_id=2"},"modified":"2025-06-25T14:12:38","modified_gmt":"2025-06-25T12:12:38","slug":"vendre-bien","status":"publish","type":"page","link":"https:\/\/immoserenity.com\/?page_id=7350","title":{"rendered":"Vendre votre bien"},"content":{"rendered":"\n<h4 class=\"wp-block-heading has-text-align-left\">Vous \u00eates d\u00e9cid\u00e9 ?<br>Vous d\u00e9sirez vendre votre bien ?<br>Contactez-nous<\/h4>\n\n\n\n<div class=\"wp-block-columns is-layout-flex wp-container-core-columns-is-layout-9d6595d7 wp-block-columns-is-layout-flex\">\n<div class=\"wp-block-column is-layout-flow wp-block-column-is-layout-flow\" style=\"flex-basis:100%\">\n<div class=\"wp-block-group\"><div class=\"wp-block-group__inner-container is-layout-flow wp-block-group-is-layout-flow\">\n<h5 class=\"wp-block-heading\">Vendre un bien dans lequel on a v\u00e9cu et\/ou on s\u2019est investi est une d\u00e9cision majeure.<br>Nous en sommes conscients.<\/h5>\n\n\n\n<div class=\"wp-block-columns is-layout-flex wp-container-core-columns-is-layout-9d6595d7 wp-block-columns-is-layout-flex\">\n<div class=\"wp-block-column is-layout-flow wp-block-column-is-layout-flow\">\n<p>Vendre un bien dans lequel on a v\u00e9cu et\/ou on s\u2019est investi est une d\u00e9cision majeure.<br>Nous en sommes conscients.<\/p>\n\n\n\n<p>Nous mettons avant tout vos int\u00e9r\u00eats au centre de notre strat\u00e9gie.<br>Nous serons \u00e0 vos c\u00f4t\u00e9s durant toutes les \u00e9tapes de la vente de votre bien.<\/p>\n\n\n\n<p>Nous vous proposons un plan de communication en fonction de la cible de votre bien. Nous diffusons votre annonce \u00e0 notre portefeuille d\u2019acheteurs potentiels, \u00e0 tous nos partenaires, sur les moteurs de recherche les plus visit\u00e9s.<br>Le plan de communication comprend : estimation gratuite, r\u00e9daction des annonces, prises de vue, visite virtuelle 360\u00b0, diffusion \u00e0 tous les acheteurs<\/p>\n<\/div>\n\n\n\n<div class=\"wp-block-column is-layout-flow wp-block-column-is-layout-flow\">\n<p>potentiels, gestion des appels, r\u00e9alisation des visites sur place, n\u00e9gociation avec l\u2019acqu\u00e9reur.<\/p>\n\n\n\n<p>Nous vous tenons inform\u00e9s de la vente de votre bien (compte-rendu apr\u00e8s chaque visite, statistiques de consultation de votre annonce, etc.). Nous v\u00e9rifions la solvabilit\u00e9 financi\u00e8re des acqu\u00e9reurs aupr\u00e8s de notre partenaire&nbsp;<a href=\"https:\/\/www.credihome.lu\/fr\" target=\"_blank\" rel=\"noreferrer noopener\">CREDIHOME<\/a>, courtier en cr\u00e9dit immobilier. Enfin, nous participons \u00e0 la pr\u00e9paration de la promesse\/compromis de vente et sommes pr\u00e9sents \u00e0 vos c\u00f4t\u00e9s aux rendez-vous de signature chez le notaire.<\/p>\n\n\n\n<p>Contactez-nous directement par t\u00e9l\u00e9phone pour convenir d\u2019un rdv ou remplissez notre formulaire ci-dessous.<br>Nous reprenons contact avec vous dans les meilleurs d\u00e9lais.<\/p>\n<\/div>\n<\/div>\n<\/div><\/div>\n<\/div>\n<\/div>\n","protected":false},"excerpt":{"rendered":"<p>Vous \u00eates d\u00e9cid\u00e9 ?Vous d\u00e9sirez vendre votre bien ?Contactez-nous Vendre un bien dans lequel on a v\u00e9cu et\/ou on s\u2019est investi est une d\u00e9cision majeure.Nous en sommes conscients. Vendre un bien dans lequel on a v\u00e9cu et\/ou on s\u2019est investi est une d\u00e9cision majeure.Nous en sommes conscients. Nous mettons avant tout vos int\u00e9r\u00eats au centre&#8230;<\/p>\n","protected":false},"author":2,"featured_media":8204,"parent":0,"menu_order":0,"comment_status":"closed","ping_status":"closed","template":"","meta":{"footnotes":""},"class_list":["post-7350","page","type-page","status-publish","has-post-thumbnail","hentry"],"_links":{"self":[{"href":"https:\/\/immoserenity.com\/index.php?rest_route=\/wp\/v2\/pages\/7350","targetHints":{"allow":["GET"]}}],"collection":[{"href":"https:\/\/immoserenity.com\/index.php?rest_route=\/wp\/v2\/pages"}],"about":[{"href":"https:\/\/immoserenity.com\/index.php?rest_route=\/wp\/v2\/types\/page"}],"author":[{"embeddable":true,"href":"https:\/\/immoserenity.com\/index.php?rest_route=\/wp\/v2\/users\/2"}],"replies":[{"embeddable":true,"href":"https:\/\/immoserenity.com\/index.php?rest_route=%2Fwp%2Fv2%2Fcomments&post=7350"}],"version-history":[{"count":7,"href":"https:\/\/immoserenity.com\/index.php?rest_route=\/wp\/v2\/pages\/7350\/revisions"}],"predecessor-version":[{"id":8295,"href":"https:\/\/immoserenity.com\/index.php?rest_route=\/wp\/v2\/pages\/7350\/revisions\/8295"}],"wp:featuredmedia":[{"embeddable":true,"href":"https:\/\/immoserenity.com\/index.php?rest_route=\/wp\/v2\/media\/8204"}],"wp:attachment":[{"href":"https:\/\/immoserenity.com\/index.php?rest_route=%2Fwp%2Fv2%2Fmedia&parent=7350"}],"curies":[{"name":"wp","href":"https:\/\/api.w.org\/{rel}","templated":true}]}}